{"id":74,"date":"2021-11-04T16:07:07","date_gmt":"2021-11-04T15:07:07","guid":{"rendered":"https:\/\/krakowremonty.pl\/?page_id=74"},"modified":"2026-01-20T15:04:57","modified_gmt":"2026-01-20T14:04:57","slug":"o-nas","status":"publish","type":"page","link":"https:\/\/krakowremonty.pl\/index.php\/o-nas\/","title":{"rendered":"O nas"},"content":{"rendered":"\n<h1 class=\"wp-block-heading has-text-align-center\">Kim jeste\u015bmy ?<\/h1>\n\n\n\n<p class=\"has-text-align-center has-black-color has-text-color\">Jeste\u015bmy zespo\u0142em fachowc\u00f3w. Ka\u017cdy z nas zdoby\u0142 wiedz\u0119 i do\u015bwiadczenie. Razem tworzymy grup\u0119 do zada\u0144 specjalnych.<\/p>\n\n\n\n<p class=\"has-text-align-center\">Organizujemy, doradzamy i wykonujemy powierzone nam zadania, z ca\u0142\u0105 odpowiedzialno\u015bci\u0105.  <\/p>\n\n\n<div class=\"wp-block-image\">\n<figure class=\"aligncenter size-large\"><img loading=\"lazy\" decoding=\"async\" width=\"1024\" height=\"683\" src=\"https:\/\/krakowremonty.pl\/wp-content\/uploads\/2026\/01\/ekipa-budowlana-Krakow-Remonty-1024x683.png\" alt=\"\" class=\"wp-image-873\" srcset=\"https:\/\/krakowremonty.pl\/wp-content\/uploads\/2026\/01\/ekipa-budowlana-Krakow-Remonty-1024x683.png 1024w, https:\/\/krakowremonty.pl\/wp-content\/uploads\/2026\/01\/ekipa-budowlana-Krakow-Remonty-300x200.png 300w, https:\/\/krakowremonty.pl\/wp-content\/uploads\/2026\/01\/ekipa-budowlana-Krakow-Remonty-768x512.png 768w, https:\/\/krakowremonty.pl\/wp-content\/uploads\/2026\/01\/ekipa-budowlana-Krakow-Remonty-330x220.png 330w, https:\/\/krakowremonty.pl\/wp-content\/uploads\/2026\/01\/ekipa-budowlana-Krakow-Remonty.png 1536w\" sizes=\"auto, (max-width: 1024px) 100vw, 1024px\" \/><\/figure>\n<\/div>\n\n\n<p><\/p>\n\n\n\n<p class=\"has-text-align-center\">Dzia\u0142amy zespo\u0142owo. Ka\u017cdy jest odpowiedzialny za swoje zadania i bezpo\u015brednio wykonuje prace mu zlecone. Cechuje nas jednakowe podej\u015bcie do tematu. Musi by\u0107 perfekt!<\/p>\n\n\n\n<p class=\"has-text-align-center\">Zatem, niezale\u017cnie jakie zadanie nam zlecisz, mo\u017cesz by\u0107 pewny\/na dobrze wykonanej roboty.  <\/p>\n\n\n\n<hr class=\"wp-block-separator has-css-opacity is-style-dots\"\/>\n\n\n\n<h1 class=\"wp-block-heading has-text-align-center\">Czym dysponujemy ?<\/h1>\n\n\n\n<p class=\"has-text-align-center\">Dysponujemy wiedz\u0105, do\u015bwiadczeniem i zapleczem sprz\u0119towym. Ka\u017cdy z nas ma wszystko, co mu potrzebne, do wykonania zadania. Przy tym, nie mo\u017cna umniejsza\u0107 roli naszego zapa\u0142u. Tym dysponujemy, a\u017c w nadmiarze. <br>  <\/p>\n\n\n<div class=\"wp-block-image\">\n<figure class=\"aligncenter size-large\"><img loading=\"lazy\" decoding=\"async\" width=\"1024\" height=\"731\" src=\"https:\/\/krakowremonty.pl\/wp-content\/uploads\/2022\/03\/vecteezy_home-maintenance-and-diy-tool-work-safety-equipments-and_6274520_647-1024x731.jpg\" alt=\"\" class=\"wp-image-438\" srcset=\"https:\/\/krakowremonty.pl\/wp-content\/uploads\/2022\/03\/vecteezy_home-maintenance-and-diy-tool-work-safety-equipments-and_6274520_647-1024x731.jpg 1024w, https:\/\/krakowremonty.pl\/wp-content\/uploads\/2022\/03\/vecteezy_home-maintenance-and-diy-tool-work-safety-equipments-and_6274520_647-300x214.jpg 300w, https:\/\/krakowremonty.pl\/wp-content\/uploads\/2022\/03\/vecteezy_home-maintenance-and-diy-tool-work-safety-equipments-and_6274520_647-768x549.jpg 768w, https:\/\/krakowremonty.pl\/wp-content\/uploads\/2022\/03\/vecteezy_home-maintenance-and-diy-tool-work-safety-equipments-and_6274520_647-1536x1097.jpg 1536w, https:\/\/krakowremonty.pl\/wp-content\/uploads\/2022\/03\/vecteezy_home-maintenance-and-diy-tool-work-safety-equipments-and_6274520_647-2048x1463.jpg 2048w\" sizes=\"auto, (max-width: 1024px) 100vw, 1024px\" \/><\/figure>\n<\/div>","protected":false},"excerpt":{"rendered":"<p>Kim jeste\u015bmy ? Jeste\u015bmy zespo\u0142em fachowc\u00f3w. Ka\u017cdy z nas zdoby\u0142 wiedz\u0119 i do\u015bwiadczenie. Razem tworzymy grup\u0119 do zada\u0144 specjalnych. Organizujemy, doradzamy i wykonujemy powierzone nam zadania, z ca\u0142\u0105 odpowiedzialno\u015bci\u0105. Dzia\u0142amy zespo\u0142owo. Ka\u017cdy jest odpowiedzialny za swoje zadania i bezpo\u015brednio wykonuje prace mu zlecone. Cechuje nas jednakowe podej\u015bcie do tematu. Musi by\u0107 perfekt! Zatem, niezale\u017cnie jakie [&hellip;]<\/p>\n","protected":false},"author":1,"featured_media":0,"parent":0,"menu_order":0,"comment_status":"closed","ping_status":"closed","template":"","meta":{"footnotes":""},"class_list":["post-74","page","type-page","status-publish","hentry"],"_links":{"self":[{"href":"https:\/\/krakowremonty.pl\/index.php\/wp-json\/wp\/v2\/pages\/74","targetHints":{"allow":["GET"]}}],"collection":[{"href":"https:\/\/krakowremonty.pl\/index.php\/wp-json\/wp\/v2\/pages"}],"about":[{"href":"https:\/\/krakowremonty.pl\/index.php\/wp-json\/wp\/v2\/types\/page"}],"author":[{"embeddable":true,"href":"https:\/\/krakowremonty.pl\/index.php\/wp-json\/wp\/v2\/users\/1"}],"replies":[{"embeddable":true,"href":"https:\/\/krakowremonty.pl\/index.php\/wp-json\/wp\/v2\/comments?post=74"}],"version-history":[{"count":45,"href":"https:\/\/krakowremonty.pl\/index.php\/wp-json\/wp\/v2\/pages\/74\/revisions"}],"predecessor-version":[{"id":874,"href":"https:\/\/krakowremonty.pl\/index.php\/wp-json\/wp\/v2\/pages\/74\/revisions\/874"}],"wp:attachment":[{"href":"https:\/\/krakowremonty.pl\/index.php\/wp-json\/wp\/v2\/media?parent=74"}],"curies":[{"name":"wp","href":"https:\/\/api.w.org\/{rel}","templated":true}]}}