{"id":379,"date":"2022-03-31T18:30:34","date_gmt":"2022-03-31T16:30:34","guid":{"rendered":"https:\/\/krakowremonty.pl\/?page_id=379"},"modified":"2026-01-20T14:40:29","modified_gmt":"2026-01-20T13:40:29","slug":"wyprzedaz-materialow","status":"publish","type":"page","link":"https:\/\/krakowremonty.pl\/index.php\/wyprzedaz-materialow\/","title":{"rendered":"Wyprzeda\u017c materia\u0142\u00f3w"},"content":{"rendered":"\n<figure class=\"wp-block-image size-full\"><img loading=\"lazy\" decoding=\"async\" width=\"1536\" height=\"1024\" src=\"https:\/\/krakowremonty.pl\/wp-content\/uploads\/2026\/01\/Wyprzedaz-materialow-budowlanych.png\" alt=\"\" class=\"wp-image-868\" srcset=\"https:\/\/krakowremonty.pl\/wp-content\/uploads\/2026\/01\/Wyprzedaz-materialow-budowlanych.png 1536w, https:\/\/krakowremonty.pl\/wp-content\/uploads\/2026\/01\/Wyprzedaz-materialow-budowlanych-300x200.png 300w, https:\/\/krakowremonty.pl\/wp-content\/uploads\/2026\/01\/Wyprzedaz-materialow-budowlanych-1024x683.png 1024w, https:\/\/krakowremonty.pl\/wp-content\/uploads\/2026\/01\/Wyprzedaz-materialow-budowlanych-768x512.png 768w, https:\/\/krakowremonty.pl\/wp-content\/uploads\/2026\/01\/Wyprzedaz-materialow-budowlanych-330x220.png 330w\" sizes=\"auto, (max-width: 1536px) 100vw, 1536px\" \/><\/figure>\n\n\n\n<hr class=\"wp-block-separator has-css-opacity is-style-dots\"\/>\n\n\n\n<p>W toku realizacji, zawsze co\u015b zostanie, czego\u015b jest za du\u017co, albo trzeba by\u0142o kupi\u0107 w czasach, kiedy ceny nie zwala\u0142y z n\u00f3g. Nie prowadzimy sta\u0142ej sprzeda\u017cy materia\u0142\u00f3w budowlanych, ale zawsze posiadamy co\u015b na stanie.<\/p>\n\n\n\n<hr class=\"wp-block-separator has-alpha-channel-opacity is-style-dots\"\/>\n\n\n\n<h2 class=\"wp-block-heading has-text-align-center\">Aktualnie pozb\u0119dziemy si\u0119:<\/h2>\n\n\n\n<p>Koryto odp\u0142ywowe plastikowe 2 x 1 m<\/p>\n\n\n\n<figure class=\"wp-block-image size-full\"><img loading=\"lazy\" decoding=\"async\" width=\"567\" height=\"425\" src=\"https:\/\/krakowremonty.pl\/wp-content\/uploads\/2022\/08\/Koryto-odplywowe-plastikowe.jpg\" alt=\"\" class=\"wp-image-768\" srcset=\"https:\/\/krakowremonty.pl\/wp-content\/uploads\/2022\/08\/Koryto-odplywowe-plastikowe.jpg 567w, https:\/\/krakowremonty.pl\/wp-content\/uploads\/2022\/08\/Koryto-odplywowe-plastikowe-300x225.jpg 300w\" sizes=\"auto, (max-width: 567px) 100vw, 567px\" \/><\/figure>\n\n\n\n<p><\/p>\n\n\n\n<p>Koryto odp\u0142ywowe betonowo stalowe 2 x 1 m + 0,6 m<\/p>\n\n\n\n<div class=\"wp-block-columns is-layout-flex wp-container-core-columns-is-layout-9d6595d7 wp-block-columns-is-layout-flex\">\n<div class=\"wp-block-column is-layout-flow wp-block-column-is-layout-flow\">\n<figure class=\"wp-block-image size-full\"><img loading=\"lazy\" decoding=\"async\" width=\"567\" height=\"425\" src=\"https:\/\/krakowremonty.pl\/wp-content\/uploads\/2022\/08\/Koryto-odplywowe-betonowe-1.jpg\" alt=\"\" class=\"wp-image-764\" srcset=\"https:\/\/krakowremonty.pl\/wp-content\/uploads\/2022\/08\/Koryto-odplywowe-betonowe-1.jpg 567w, https:\/\/krakowremonty.pl\/wp-content\/uploads\/2022\/08\/Koryto-odplywowe-betonowe-1-300x225.jpg 300w\" sizes=\"auto, (max-width: 567px) 100vw, 567px\" \/><\/figure>\n<\/div>\n\n\n\n<div class=\"wp-block-column is-layout-flow wp-block-column-is-layout-flow\">\n<figure class=\"wp-block-image size-full\"><img loading=\"lazy\" decoding=\"async\" width=\"425\" height=\"567\" src=\"https:\/\/krakowremonty.pl\/wp-content\/uploads\/2022\/08\/Koryto-odplywowe-betonowe2-1.jpg\" alt=\"\" class=\"wp-image-765\" srcset=\"https:\/\/krakowremonty.pl\/wp-content\/uploads\/2022\/08\/Koryto-odplywowe-betonowe2-1.jpg 425w, https:\/\/krakowremonty.pl\/wp-content\/uploads\/2022\/08\/Koryto-odplywowe-betonowe2-1-225x300.jpg 225w\" sizes=\"auto, (max-width: 425px) 100vw, 425px\" \/><\/figure>\n<\/div>\n<\/div>\n\n\n\n<p>Gres Rine Porcellanto &#8211; 333&#215;333 &#8211; 50 szt<\/p>\n\n\n\n<div class=\"wp-block-columns is-layout-flex wp-container-core-columns-is-layout-9d6595d7 wp-block-columns-is-layout-flex\">\n<div class=\"wp-block-column is-layout-flow wp-block-column-is-layout-flow\">\n<figure class=\"wp-block-image size-full\"><img loading=\"lazy\" decoding=\"async\" width=\"567\" height=\"425\" src=\"https:\/\/krakowremonty.pl\/wp-content\/uploads\/2022\/06\/Gres-Rine-Porcellanto-33x33-plytka.jpg\" alt=\"\" class=\"wp-image-739\" srcset=\"https:\/\/krakowremonty.pl\/wp-content\/uploads\/2022\/06\/Gres-Rine-Porcellanto-33x33-plytka.jpg 567w, https:\/\/krakowremonty.pl\/wp-content\/uploads\/2022\/06\/Gres-Rine-Porcellanto-33x33-plytka-300x225.jpg 300w\" sizes=\"auto, (max-width: 567px) 100vw, 567px\" \/><\/figure>\n<\/div>\n\n\n\n<div class=\"wp-block-column is-layout-flow wp-block-column-is-layout-flow\">\n<figure class=\"wp-block-image size-full\"><img loading=\"lazy\" decoding=\"async\" width=\"425\" height=\"567\" src=\"https:\/\/krakowremonty.pl\/wp-content\/uploads\/2022\/06\/Gres-Rine-Porcellanto-33x33-1.jpg\" alt=\"\" class=\"wp-image-740\" srcset=\"https:\/\/krakowremonty.pl\/wp-content\/uploads\/2022\/06\/Gres-Rine-Porcellanto-33x33-1.jpg 425w, https:\/\/krakowremonty.pl\/wp-content\/uploads\/2022\/06\/Gres-Rine-Porcellanto-33x33-1-225x300.jpg 225w\" sizes=\"auto, (max-width: 425px) 100vw, 425px\" \/><\/figure>\n<\/div>\n<\/div>\n\n\n\n<p>Gres Grafit 333&#215;333 &#8211; 3 szt<\/p>\n\n\n\n<figure class=\"wp-block-image size-full\"><img loading=\"lazy\" decoding=\"async\" width=\"567\" height=\"425\" src=\"https:\/\/krakowremonty.pl\/wp-content\/uploads\/2022\/06\/Gres-Grafit-33x33-2.jpg\" alt=\"\" class=\"wp-image-736\" srcset=\"https:\/\/krakowremonty.pl\/wp-content\/uploads\/2022\/06\/Gres-Grafit-33x33-2.jpg 567w, https:\/\/krakowremonty.pl\/wp-content\/uploads\/2022\/06\/Gres-Grafit-33x33-2-300x225.jpg 300w\" sizes=\"auto, (max-width: 567px) 100vw, 567px\" \/><\/figure>\n\n\n\n<p>Gres Tub\u0105dzin Seledyn \u2013 334&#215;334 &#8211; 10 szt<\/p>\n\n\n\n<div class=\"wp-block-columns is-layout-flex wp-container-core-columns-is-layout-9d6595d7 wp-block-columns-is-layout-flex\">\n<div class=\"wp-block-column is-layout-flow wp-block-column-is-layout-flow\">\n<figure class=\"wp-block-image size-full\"><img loading=\"lazy\" decoding=\"async\" width=\"425\" height=\"567\" src=\"https:\/\/krakowremonty.pl\/wp-content\/uploads\/2022\/06\/Gres-Tubadzin-zielony-33x33-1.jpg\" alt=\"\" class=\"wp-image-731\" srcset=\"https:\/\/krakowremonty.pl\/wp-content\/uploads\/2022\/06\/Gres-Tubadzin-zielony-33x33-1.jpg 425w, https:\/\/krakowremonty.pl\/wp-content\/uploads\/2022\/06\/Gres-Tubadzin-zielony-33x33-1-225x300.jpg 225w\" sizes=\"auto, (max-width: 425px) 100vw, 425px\" \/><\/figure>\n<\/div>\n\n\n\n<div class=\"wp-block-column is-layout-flow wp-block-column-is-layout-flow\">\n<figure class=\"wp-block-image size-full\"><img loading=\"lazy\" decoding=\"async\" width=\"567\" height=\"425\" src=\"https:\/\/krakowremonty.pl\/wp-content\/uploads\/2022\/06\/Gres-Tubadzin-zielony-33x33-plytka.jpg\" alt=\"\" class=\"wp-image-732\" srcset=\"https:\/\/krakowremonty.pl\/wp-content\/uploads\/2022\/06\/Gres-Tubadzin-zielony-33x33-plytka.jpg 567w, https:\/\/krakowremonty.pl\/wp-content\/uploads\/2022\/06\/Gres-Tubadzin-zielony-33x33-plytka-300x225.jpg 300w\" sizes=\"auto, (max-width: 567px) 100vw, 567px\" \/><\/figure>\n<\/div>\n<\/div>\n\n\n\n<p>Gres techniczny Antracyt Parady\u017c \u2013 297\u00d7297 <\/p>\n\n\n\n<div class=\"wp-block-columns is-layout-flex wp-container-core-columns-is-layout-9d6595d7 wp-block-columns-is-layout-flex\">\n<div class=\"wp-block-column is-layout-flow wp-block-column-is-layout-flow\">\n<figure class=\"wp-block-image size-full\"><img loading=\"lazy\" decoding=\"async\" width=\"567\" height=\"425\" src=\"https:\/\/krakowremonty.pl\/wp-content\/uploads\/2022\/06\/Gres-tech-Antracyt-30x30-plytka.jpg\" alt=\"\" class=\"wp-image-727\" srcset=\"https:\/\/krakowremonty.pl\/wp-content\/uploads\/2022\/06\/Gres-tech-Antracyt-30x30-plytka.jpg 567w, https:\/\/krakowremonty.pl\/wp-content\/uploads\/2022\/06\/Gres-tech-Antracyt-30x30-plytka-300x225.jpg 300w\" sizes=\"auto, (max-width: 567px) 100vw, 567px\" \/><\/figure>\n<\/div>\n\n\n\n<div class=\"wp-block-column is-layout-flow wp-block-column-is-layout-flow\">\n<figure class=\"wp-block-image size-full\"><img loading=\"lazy\" decoding=\"async\" width=\"425\" height=\"567\" src=\"https:\/\/krakowremonty.pl\/wp-content\/uploads\/2022\/06\/Gres-tech-Antracyt-30x30-1.jpg\" alt=\"\" class=\"wp-image-728\" srcset=\"https:\/\/krakowremonty.pl\/wp-content\/uploads\/2022\/06\/Gres-tech-Antracyt-30x30-1.jpg 425w, https:\/\/krakowremonty.pl\/wp-content\/uploads\/2022\/06\/Gres-tech-Antracyt-30x30-1-225x300.jpg 225w\" sizes=\"auto, (max-width: 425px) 100vw, 425px\" \/><\/figure>\n<\/div>\n<\/div>\n\n\n\n<p>Gres techniczny Be\u017c &#8211; 297&#215;297 &#8211; 19 szt\/opak &#8211; 45 szt  &#8211; 3 szt stopie\u0144 schodowy<\/p>\n\n\n\n<div class=\"wp-block-columns is-layout-flex wp-container-core-columns-is-layout-9d6595d7 wp-block-columns-is-layout-flex\">\n<div class=\"wp-block-column is-layout-flow wp-block-column-is-layout-flow\">\n<figure class=\"wp-block-image size-full\"><img loading=\"lazy\" decoding=\"async\" width=\"425\" height=\"567\" src=\"https:\/\/krakowremonty.pl\/wp-content\/uploads\/2022\/06\/Gres-tech-Bez-30x30-1.jpg\" alt=\"\" class=\"wp-image-723\" srcset=\"https:\/\/krakowremonty.pl\/wp-content\/uploads\/2022\/06\/Gres-tech-Bez-30x30-1.jpg 425w, https:\/\/krakowremonty.pl\/wp-content\/uploads\/2022\/06\/Gres-tech-Bez-30x30-1-225x300.jpg 225w\" sizes=\"auto, (max-width: 425px) 100vw, 425px\" \/><\/figure>\n<\/div>\n\n\n\n<div class=\"wp-block-column is-layout-flow wp-block-column-is-layout-flow\">\n<figure class=\"wp-block-image size-full\"><img loading=\"lazy\" decoding=\"async\" width=\"567\" height=\"425\" src=\"https:\/\/krakowremonty.pl\/wp-content\/uploads\/2022\/06\/Gres-tech-Bez-30x30-plytka.jpg\" alt=\"\" class=\"wp-image-724\" srcset=\"https:\/\/krakowremonty.pl\/wp-content\/uploads\/2022\/06\/Gres-tech-Bez-30x30-plytka.jpg 567w, https:\/\/krakowremonty.pl\/wp-content\/uploads\/2022\/06\/Gres-tech-Bez-30x30-plytka-300x225.jpg 300w\" sizes=\"auto, (max-width: 567px) 100vw, 567px\" \/><\/figure>\n<\/div>\n<\/div>\n\n\n\n<p>Gres Krem-Br\u0105z Wez Opoczno gat.1. &#8211; 300&#215;300 &#8211; 15 szt\/opak &#8211; 1,32m2 &#8211; 2,5 opakowania <\/p>\n\n\n\n<div class=\"wp-block-columns is-layout-flex wp-container-core-columns-is-layout-9d6595d7 wp-block-columns-is-layout-flex\">\n<div class=\"wp-block-column is-layout-flow wp-block-column-is-layout-flow\">\n<figure class=\"wp-block-image size-full\"><img loading=\"lazy\" decoding=\"async\" width=\"567\" height=\"425\" src=\"https:\/\/krakowremonty.pl\/wp-content\/uploads\/2022\/06\/Gres-Krem-Braz-Wez-30x30-plytka.jpg\" alt=\"\" class=\"wp-image-718\" srcset=\"https:\/\/krakowremonty.pl\/wp-content\/uploads\/2022\/06\/Gres-Krem-Braz-Wez-30x30-plytka.jpg 567w, https:\/\/krakowremonty.pl\/wp-content\/uploads\/2022\/06\/Gres-Krem-Braz-Wez-30x30-plytka-300x225.jpg 300w\" sizes=\"auto, (max-width: 567px) 100vw, 567px\" \/><\/figure>\n<\/div>\n\n\n\n<div class=\"wp-block-column is-layout-flow wp-block-column-is-layout-flow\">\n<figure class=\"wp-block-image size-full\"><img loading=\"lazy\" decoding=\"async\" width=\"425\" height=\"567\" src=\"https:\/\/krakowremonty.pl\/wp-content\/uploads\/2022\/06\/Gres-Krem-Braz-Wez-30x30-1.jpg\" alt=\"\" class=\"wp-image-719\" srcset=\"https:\/\/krakowremonty.pl\/wp-content\/uploads\/2022\/06\/Gres-Krem-Braz-Wez-30x30-1.jpg 425w, https:\/\/krakowremonty.pl\/wp-content\/uploads\/2022\/06\/Gres-Krem-Braz-Wez-30x30-1-225x300.jpg 225w\" sizes=\"auto, (max-width: 425px) 100vw, 425px\" \/><\/figure>\n<\/div>\n<\/div>\n\n\n\n<p>Flizy Ceramika Kolor Safona gat.1. &#8211; 200x250x7 &#8211; 30 szt\/opak. &#8211; 12 opakowa\u0144<\/p>\n\n\n\n<div class=\"wp-block-columns is-layout-flex wp-container-core-columns-is-layout-9d6595d7 wp-block-columns-is-layout-flex\">\n<div class=\"wp-block-column is-layout-flow wp-block-column-is-layout-flow\">\n<figure class=\"wp-block-image size-full\"><img loading=\"lazy\" decoding=\"async\" width=\"425\" height=\"567\" src=\"https:\/\/krakowremonty.pl\/wp-content\/uploads\/2022\/06\/Flizy-Ceramika-Color-Sasona-20x25-1.jpg\" alt=\"\" class=\"wp-image-714\" srcset=\"https:\/\/krakowremonty.pl\/wp-content\/uploads\/2022\/06\/Flizy-Ceramika-Color-Sasona-20x25-1.jpg 425w, https:\/\/krakowremonty.pl\/wp-content\/uploads\/2022\/06\/Flizy-Ceramika-Color-Sasona-20x25-1-225x300.jpg 225w\" sizes=\"auto, (max-width: 425px) 100vw, 425px\" \/><\/figure>\n<\/div>\n\n\n\n<div class=\"wp-block-column is-layout-flow wp-block-column-is-layout-flow\">\n<figure class=\"wp-block-image size-full\"><img loading=\"lazy\" decoding=\"async\" width=\"567\" height=\"425\" src=\"https:\/\/krakowremonty.pl\/wp-content\/uploads\/2022\/06\/Fliza-Ceramika-Color-Sasona-20x25-1.jpg\" alt=\"\" class=\"wp-image-715\" srcset=\"https:\/\/krakowremonty.pl\/wp-content\/uploads\/2022\/06\/Fliza-Ceramika-Color-Sasona-20x25-1.jpg 567w, https:\/\/krakowremonty.pl\/wp-content\/uploads\/2022\/06\/Fliza-Ceramika-Color-Sasona-20x25-1-300x225.jpg 300w\" sizes=\"auto, (max-width: 567px) 100vw, 567px\" \/><\/figure>\n<\/div>\n<\/div>\n\n\n\n<p>Flizy Ceramika Kolor Seledyn gat.1. &#8211; 200x250x7 &#8211; 30 szt\/opak. &#8211; 21 opakowa\u0144<\/p>\n\n\n\n<div class=\"wp-block-columns is-layout-flex wp-container-core-columns-is-layout-9d6595d7 wp-block-columns-is-layout-flex\">\n<div class=\"wp-block-column is-layout-flow wp-block-column-is-layout-flow\">\n<figure class=\"wp-block-image size-full\"><img loading=\"lazy\" decoding=\"async\" width=\"567\" height=\"425\" src=\"https:\/\/krakowremonty.pl\/wp-content\/uploads\/2022\/06\/Fliza-Ceramika-Color-Seledyn-20x25-1.jpg\" alt=\"\" class=\"wp-image-710\" srcset=\"https:\/\/krakowremonty.pl\/wp-content\/uploads\/2022\/06\/Fliza-Ceramika-Color-Seledyn-20x25-1.jpg 567w, https:\/\/krakowremonty.pl\/wp-content\/uploads\/2022\/06\/Fliza-Ceramika-Color-Seledyn-20x25-1-300x225.jpg 300w\" sizes=\"auto, (max-width: 567px) 100vw, 567px\" \/><\/figure>\n<\/div>\n\n\n\n<div class=\"wp-block-column is-layout-flow wp-block-column-is-layout-flow\">\n<figure class=\"wp-block-image size-full\"><img loading=\"lazy\" decoding=\"async\" width=\"425\" height=\"567\" src=\"https:\/\/krakowremonty.pl\/wp-content\/uploads\/2022\/06\/Flizy-Ceramika-Color-Seledyn-20x25-1.jpg\" alt=\"\" class=\"wp-image-711\" srcset=\"https:\/\/krakowremonty.pl\/wp-content\/uploads\/2022\/06\/Flizy-Ceramika-Color-Seledyn-20x25-1.jpg 425w, https:\/\/krakowremonty.pl\/wp-content\/uploads\/2022\/06\/Flizy-Ceramika-Color-Seledyn-20x25-1-225x300.jpg 225w\" sizes=\"auto, (max-width: 425px) 100vw, 425px\" \/><\/figure>\n<\/div>\n<\/div>\n\n\n\n<p>Flizy Tania Be\u017c gat. 1. &#8211; 250x333x8 &#8211; 10 szt<\/p>\n\n\n\n<div class=\"wp-block-columns is-layout-flex wp-container-core-columns-is-layout-9d6595d7 wp-block-columns-is-layout-flex\">\n<div class=\"wp-block-column is-layout-flow wp-block-column-is-layout-flow\">\n<figure class=\"wp-block-image size-full\"><img loading=\"lazy\" decoding=\"async\" width=\"425\" height=\"567\" src=\"https:\/\/krakowremonty.pl\/wp-content\/uploads\/2022\/06\/Flizy-Tania-Bez-25x333-paczka.jpg\" alt=\"\" class=\"wp-image-706\" srcset=\"https:\/\/krakowremonty.pl\/wp-content\/uploads\/2022\/06\/Flizy-Tania-Bez-25x333-paczka.jpg 425w, https:\/\/krakowremonty.pl\/wp-content\/uploads\/2022\/06\/Flizy-Tania-Bez-25x333-paczka-225x300.jpg 225w\" sizes=\"auto, (max-width: 425px) 100vw, 425px\" \/><\/figure>\n<\/div>\n\n\n\n<div class=\"wp-block-column is-layout-flow wp-block-column-is-layout-flow\">\n<figure class=\"wp-block-image size-full\"><img loading=\"lazy\" decoding=\"async\" width=\"567\" height=\"425\" src=\"https:\/\/krakowremonty.pl\/wp-content\/uploads\/2022\/06\/Fliza-Tania-Bez-25x333-1.jpg\" alt=\"\" class=\"wp-image-707\" srcset=\"https:\/\/krakowremonty.pl\/wp-content\/uploads\/2022\/06\/Fliza-Tania-Bez-25x333-1.jpg 567w, https:\/\/krakowremonty.pl\/wp-content\/uploads\/2022\/06\/Fliza-Tania-Bez-25x333-1-300x225.jpg 300w\" sizes=\"auto, (max-width: 567px) 100vw, 567px\" \/><\/figure>\n<\/div>\n<\/div>\n\n\n\n<p>Flizy Tania Grys gat. 1. &#8211; 250x333x8 &#8211; 12 szt\/opak &#8211; 3 paczki<\/p>\n\n\n\n<div class=\"wp-block-columns is-layout-flex wp-container-core-columns-is-layout-9d6595d7 wp-block-columns-is-layout-flex\">\n<div class=\"wp-block-column is-layout-flow wp-block-column-is-layout-flow\">\n<figure class=\"wp-block-image size-full\"><img loading=\"lazy\" decoding=\"async\" width=\"567\" height=\"425\" src=\"https:\/\/krakowremonty.pl\/wp-content\/uploads\/2022\/06\/Fliza-Tania-Grys-25x333-1.jpg\" alt=\"\" class=\"wp-image-702\" srcset=\"https:\/\/krakowremonty.pl\/wp-content\/uploads\/2022\/06\/Fliza-Tania-Grys-25x333-1.jpg 567w, https:\/\/krakowremonty.pl\/wp-content\/uploads\/2022\/06\/Fliza-Tania-Grys-25x333-1-300x225.jpg 300w\" sizes=\"auto, (max-width: 567px) 100vw, 567px\" \/><\/figure>\n<\/div>\n\n\n\n<div class=\"wp-block-column is-layout-flow wp-block-column-is-layout-flow\">\n<figure class=\"wp-block-image size-full\"><img loading=\"lazy\" decoding=\"async\" width=\"425\" height=\"567\" src=\"https:\/\/krakowremonty.pl\/wp-content\/uploads\/2022\/06\/Flizy-Tania-Grys-25x333-paczka.jpg\" alt=\"\" class=\"wp-image-703\" srcset=\"https:\/\/krakowremonty.pl\/wp-content\/uploads\/2022\/06\/Flizy-Tania-Grys-25x333-paczka.jpg 425w, https:\/\/krakowremonty.pl\/wp-content\/uploads\/2022\/06\/Flizy-Tania-Grys-25x333-paczka-225x300.jpg 225w\" sizes=\"auto, (max-width: 425px) 100vw, 425px\" \/><\/figure>\n<\/div>\n<\/div>\n\n\n\n<p>Flizy Bali Krem gat. 1. &#8211; 250x360x8 &#8211; 1,35 m2 w paczce, 15 szt\/opak &#8211; 5 paczek <\/p>\n\n\n\n<div class=\"wp-block-columns is-layout-flex wp-container-core-columns-is-layout-9d6595d7 wp-block-columns-is-layout-flex\">\n<div class=\"wp-block-column is-layout-flow wp-block-column-is-layout-flow\">\n<figure class=\"wp-block-image size-full\"><img loading=\"lazy\" decoding=\"async\" width=\"591\" height=\"787\" src=\"https:\/\/krakowremonty.pl\/wp-content\/uploads\/2022\/06\/Flizy-Bali-krem-25x36-paczka.jpg\" alt=\"\" class=\"wp-image-698\" srcset=\"https:\/\/krakowremonty.pl\/wp-content\/uploads\/2022\/06\/Flizy-Bali-krem-25x36-paczka.jpg 591w, https:\/\/krakowremonty.pl\/wp-content\/uploads\/2022\/06\/Flizy-Bali-krem-25x36-paczka-225x300.jpg 225w\" sizes=\"auto, (max-width: 591px) 100vw, 591px\" \/><\/figure>\n<\/div>\n\n\n\n<div class=\"wp-block-column is-layout-flow wp-block-column-is-layout-flow\">\n<figure class=\"wp-block-image size-full\"><img loading=\"lazy\" decoding=\"async\" width=\"787\" height=\"591\" src=\"https:\/\/krakowremonty.pl\/wp-content\/uploads\/2022\/06\/Fliza-Bali-krem-25x36-1.jpg\" alt=\"\" class=\"wp-image-699\" srcset=\"https:\/\/krakowremonty.pl\/wp-content\/uploads\/2022\/06\/Fliza-Bali-krem-25x36-1.jpg 787w, https:\/\/krakowremonty.pl\/wp-content\/uploads\/2022\/06\/Fliza-Bali-krem-25x36-1-300x225.jpg 300w, https:\/\/krakowremonty.pl\/wp-content\/uploads\/2022\/06\/Fliza-Bali-krem-25x36-1-768x577.jpg 768w, https:\/\/krakowremonty.pl\/wp-content\/uploads\/2022\/06\/Fliza-Bali-krem-25x36-1-640x480.jpg 640w\" sizes=\"auto, (max-width: 787px) 100vw, 787px\" \/><\/figure>\n<\/div>\n<\/div>\n\n\n\n<p class=\"has-text-align-left\"><br>&#8211; Umywalki firmy Roca model Meridian 35 cm, 15 szt.<\/p>\n\n\n\n<div class=\"wp-block-columns is-layout-flex wp-container-core-columns-is-layout-9d6595d7 wp-block-columns-is-layout-flex\">\n<div class=\"wp-block-column is-layout-flow wp-block-column-is-layout-flow\" style=\"flex-basis:66.66%\">\n<figure class=\"wp-block-image size-full\"><img loading=\"lazy\" decoding=\"async\" width=\"709\" height=\"479\" src=\"https:\/\/krakowremonty.pl\/wp-content\/uploads\/2022\/08\/Umywalka-Roca-Meridian-35.jpg\" alt=\"\" class=\"wp-image-774\" srcset=\"https:\/\/krakowremonty.pl\/wp-content\/uploads\/2022\/08\/Umywalka-Roca-Meridian-35.jpg 709w, https:\/\/krakowremonty.pl\/wp-content\/uploads\/2022\/08\/Umywalka-Roca-Meridian-35-300x203.jpg 300w\" sizes=\"auto, (max-width: 709px) 100vw, 709px\" \/><\/figure>\n<\/div>\n\n\n\n<div class=\"wp-block-column is-layout-flow wp-block-column-is-layout-flow\" style=\"flex-basis:33.33%\">\n<figure class=\"wp-block-image size-full is-resized\"><img loading=\"lazy\" decoding=\"async\" width=\"591\" height=\"787\" src=\"https:\/\/krakowremonty.pl\/wp-content\/uploads\/2022\/08\/Umywalki-Roca-Meridian-35.jpg\" alt=\"\" class=\"wp-image-775\" style=\"width:273px;height:362px\" srcset=\"https:\/\/krakowremonty.pl\/wp-content\/uploads\/2022\/08\/Umywalki-Roca-Meridian-35.jpg 591w, https:\/\/krakowremonty.pl\/wp-content\/uploads\/2022\/08\/Umywalki-Roca-Meridian-35-225x300.jpg 225w\" sizes=\"auto, (max-width: 591px) 100vw, 591px\" \/><\/figure>\n<\/div>\n<\/div>\n\n\n\n<p class=\"has-text-align-left\"><br>&#8211; Umywalki firmy Roca model Meridian 75 cm, 12 szt.<\/p>\n\n\n\n<div class=\"wp-block-columns is-layout-flex wp-container-core-columns-is-layout-9d6595d7 wp-block-columns-is-layout-flex\">\n<div class=\"wp-block-column is-layout-flow wp-block-column-is-layout-flow\" style=\"flex-basis:66.66%\">\n<figure class=\"wp-block-image size-full\"><img loading=\"lazy\" decoding=\"async\" width=\"709\" height=\"419\" src=\"https:\/\/krakowremonty.pl\/wp-content\/uploads\/2022\/08\/Umywalka-Roca-Meridian-75.jpg\" alt=\"\" class=\"wp-image-772\" srcset=\"https:\/\/krakowremonty.pl\/wp-content\/uploads\/2022\/08\/Umywalka-Roca-Meridian-75.jpg 709w, https:\/\/krakowremonty.pl\/wp-content\/uploads\/2022\/08\/Umywalka-Roca-Meridian-75-300x177.jpg 300w\" sizes=\"auto, (max-width: 709px) 100vw, 709px\" \/><\/figure>\n<\/div>\n\n\n\n<div class=\"wp-block-column is-layout-flow wp-block-column-is-layout-flow\" style=\"flex-basis:33.33%\">\n<figure class=\"wp-block-image size-full is-resized\"><img loading=\"lazy\" decoding=\"async\" width=\"591\" height=\"787\" src=\"https:\/\/krakowremonty.pl\/wp-content\/uploads\/2022\/08\/Umywalki-Roca-Meridian-75.jpg\" alt=\"\" class=\"wp-image-773\" style=\"width:239px;height:318px\" srcset=\"https:\/\/krakowremonty.pl\/wp-content\/uploads\/2022\/08\/Umywalki-Roca-Meridian-75.jpg 591w, https:\/\/krakowremonty.pl\/wp-content\/uploads\/2022\/08\/Umywalki-Roca-Meridian-75-225x300.jpg 225w\" sizes=\"auto, (max-width: 591px) 100vw, 591px\" \/><\/figure>\n<\/div>\n<\/div>\n\n\n\n<p><br>&#8211; Rura karbowana dwu\u015bcienna, przepust fi 600 150 cm d\u0142uga, 4 szt.<\/p>\n\n\n\n<figure class=\"wp-block-image size-full\"><img loading=\"lazy\" decoding=\"async\" width=\"709\" height=\"421\" src=\"https:\/\/krakowremonty.pl\/wp-content\/uploads\/2022\/04\/7.jpg\" alt=\"\" class=\"wp-image-534\" srcset=\"https:\/\/krakowremonty.pl\/wp-content\/uploads\/2022\/04\/7.jpg 709w, https:\/\/krakowremonty.pl\/wp-content\/uploads\/2022\/04\/7-300x178.jpg 300w\" sizes=\"auto, (max-width: 709px) 100vw, 709px\" \/><\/figure>\n\n\n\n<p><\/p>\n\n\n\n<hr class=\"wp-block-separator has-css-opacity is-style-dots\"\/>\n\n\n\n<p>Szukasz czego\u015b? Napisz, zadzwo\u0144, zapytaj. <\/p>\n","protected":false},"excerpt":{"rendered":"<p>W toku realizacji, zawsze co\u015b zostanie, czego\u015b jest za du\u017co, albo trzeba by\u0142o kupi\u0107 w czasach, kiedy ceny nie zwala\u0142y z n\u00f3g. Nie prowadzimy sta\u0142ej sprzeda\u017cy materia\u0142\u00f3w budowlanych, ale zawsze posiadamy co\u015b na stanie. Aktualnie pozb\u0119dziemy si\u0119: Koryto odp\u0142ywowe plastikowe 2 x 1 m Koryto odp\u0142ywowe betonowo stalowe 2 x 1 m + 0,6 m [&hellip;]<\/p>\n","protected":false},"author":1,"featured_media":0,"parent":0,"menu_order":0,"comment_status":"closed","ping_status":"closed","template":"","meta":{"footnotes":""},"class_list":["post-379","page","type-page","status-publish","hentry"],"_links":{"self":[{"href":"https:\/\/krakowremonty.pl\/index.php\/wp-json\/wp\/v2\/pages\/379","targetHints":{"allow":["GET"]}}],"collection":[{"href":"https:\/\/krakowremonty.pl\/index.php\/wp-json\/wp\/v2\/pages"}],"about":[{"href":"https:\/\/krakowremonty.pl\/index.php\/wp-json\/wp\/v2\/types\/page"}],"author":[{"embeddable":true,"href":"https:\/\/krakowremonty.pl\/index.php\/wp-json\/wp\/v2\/users\/1"}],"replies":[{"embeddable":true,"href":"https:\/\/krakowremonty.pl\/index.php\/wp-json\/wp\/v2\/comments?post=379"}],"version-history":[{"count":41,"href":"https:\/\/krakowremonty.pl\/index.php\/wp-json\/wp\/v2\/pages\/379\/revisions"}],"predecessor-version":[{"id":869,"href":"https:\/\/krakowremonty.pl\/index.php\/wp-json\/wp\/v2\/pages\/379\/revisions\/869"}],"wp:attachment":[{"href":"https:\/\/krakowremonty.pl\/index.php\/wp-json\/wp\/v2\/media?parent=379"}],"curies":[{"name":"wp","href":"https:\/\/api.w.org\/{rel}","templated":true}]}}