{"id":376,"date":"2022-03-31T18:26:09","date_gmt":"2022-03-31T16:26:09","guid":{"rendered":"https:\/\/krakowremonty.pl\/?page_id=376"},"modified":"2026-01-20T15:05:55","modified_gmt":"2026-01-20T14:05:55","slug":"transport-materialow","status":"publish","type":"page","link":"https:\/\/krakowremonty.pl\/index.php\/transport-materialow\/","title":{"rendered":"Transport materia\u0142\u00f3w"},"content":{"rendered":"\n<figure class=\"wp-block-image size-full\"><img loading=\"lazy\" decoding=\"async\" width=\"1536\" height=\"1024\" src=\"https:\/\/krakowremonty.pl\/wp-content\/uploads\/2026\/01\/Transport-materialow.png\" alt=\"\" class=\"wp-image-866\" srcset=\"https:\/\/krakowremonty.pl\/wp-content\/uploads\/2026\/01\/Transport-materialow.png 1536w, https:\/\/krakowremonty.pl\/wp-content\/uploads\/2026\/01\/Transport-materialow-300x200.png 300w, https:\/\/krakowremonty.pl\/wp-content\/uploads\/2026\/01\/Transport-materialow-1024x683.png 1024w, https:\/\/krakowremonty.pl\/wp-content\/uploads\/2026\/01\/Transport-materialow-768x512.png 768w, https:\/\/krakowremonty.pl\/wp-content\/uploads\/2026\/01\/Transport-materialow-330x220.png 330w\" sizes=\"auto, (max-width: 1536px) 100vw, 1536px\" \/><\/figure>\n\n\n\n<hr class=\"wp-block-separator has-css-opacity is-style-dots\"\/>\n\n\n\n<p>Zam\u00f3wi\u0142e\u015b\/a\u015b sobie meble z jednego ze znanych sklep\u00f3w z meblami, ale masz czym, tego przywie\u017a\u0107 albo trzeba czeka\u0107, a Ty nie masz na to czasu? A mo\u017ce potrzebujesz styropianu, palety cementu, czy te\u017c blachy na dach?<\/p>\n\n\n\n<p>Nic straconego, zrobimy to dla Ciebie. Zadzwo\u0144, powiedz co i sk\u0105d, dok\u0105d, a my ju\u017c jedziemy.<\/p>\n\n\n\n<p>Dysponujemy samochodem ci\u0119\u017carowym o powierzchni \u0142adunkowej 4,5 x2 x do nieba. Ograniczaj\u0105 nas tylko wiadukty. <\/p>\n\n\n\n<figure class=\"wp-block-image size-full\"><img loading=\"lazy\" decoding=\"async\" width=\"709\" height=\"531\" src=\"https:\/\/krakowremonty.pl\/wp-content\/uploads\/2022\/07\/image_6483444.jpg\" alt=\"\" class=\"wp-image-753\" srcset=\"https:\/\/krakowremonty.pl\/wp-content\/uploads\/2022\/07\/image_6483444.jpg 709w, https:\/\/krakowremonty.pl\/wp-content\/uploads\/2022\/07\/image_6483444-300x225.jpg 300w, https:\/\/krakowremonty.pl\/wp-content\/uploads\/2022\/07\/image_6483444-640x480.jpg 640w\" sizes=\"auto, (max-width: 709px) 100vw, 709px\" \/><\/figure>\n\n\n\n<p>Nasza ma\u0142a japo\u0144ska ci\u0119\u017car\u00f3wka do zada\u0144 specjalnych, potrafi wi\u0119cej, ni\u017c wygl\u0105da. Zaufaj.<\/p>\n","protected":false},"excerpt":{"rendered":"<p>Zam\u00f3wi\u0142e\u015b\/a\u015b sobie meble z jednego ze znanych sklep\u00f3w z meblami, ale masz czym, tego przywie\u017a\u0107 albo trzeba czeka\u0107, a Ty nie masz na to czasu? A mo\u017ce potrzebujesz styropianu, palety cementu, czy te\u017c blachy na dach? Nic straconego, zrobimy to dla Ciebie. Zadzwo\u0144, powiedz co i sk\u0105d, dok\u0105d, a my ju\u017c jedziemy. Dysponujemy samochodem ci\u0119\u017carowym [&hellip;]<\/p>\n","protected":false},"author":1,"featured_media":0,"parent":0,"menu_order":0,"comment_status":"closed","ping_status":"closed","template":"","meta":{"footnotes":""},"class_list":["post-376","page","type-page","status-publish","hentry"],"_links":{"self":[{"href":"https:\/\/krakowremonty.pl\/index.php\/wp-json\/wp\/v2\/pages\/376","targetHints":{"allow":["GET"]}}],"collection":[{"href":"https:\/\/krakowremonty.pl\/index.php\/wp-json\/wp\/v2\/pages"}],"about":[{"href":"https:\/\/krakowremonty.pl\/index.php\/wp-json\/wp\/v2\/types\/page"}],"author":[{"embeddable":true,"href":"https:\/\/krakowremonty.pl\/index.php\/wp-json\/wp\/v2\/users\/1"}],"replies":[{"embeddable":true,"href":"https:\/\/krakowremonty.pl\/index.php\/wp-json\/wp\/v2\/comments?post=376"}],"version-history":[{"count":9,"href":"https:\/\/krakowremonty.pl\/index.php\/wp-json\/wp\/v2\/pages\/376\/revisions"}],"predecessor-version":[{"id":875,"href":"https:\/\/krakowremonty.pl\/index.php\/wp-json\/wp\/v2\/pages\/376\/revisions\/875"}],"wp:attachment":[{"href":"https:\/\/krakowremonty.pl\/index.php\/wp-json\/wp\/v2\/media?parent=376"}],"curies":[{"name":"wp","href":"https:\/\/api.w.org\/{rel}","templated":true}]}}