{"id":373,"date":"2022-03-31T18:24:10","date_gmt":"2022-03-31T16:24:10","guid":{"rendered":"https:\/\/krakowremonty.pl\/?page_id=373"},"modified":"2026-01-19T10:20:27","modified_gmt":"2026-01-19T09:20:27","slug":"meble-na-wymiar","status":"publish","type":"page","link":"https:\/\/krakowremonty.pl\/index.php\/meble-na-wymiar\/","title":{"rendered":"Meble na wymiar"},"content":{"rendered":"\n<figure class=\"wp-block-image size-full\"><img loading=\"lazy\" decoding=\"async\" width=\"1536\" height=\"1024\" src=\"https:\/\/krakowremonty.pl\/wp-content\/uploads\/2026\/01\/meble-na-wymiar.png\" alt=\"\" class=\"wp-image-864\" srcset=\"https:\/\/krakowremonty.pl\/wp-content\/uploads\/2026\/01\/meble-na-wymiar.png 1536w, https:\/\/krakowremonty.pl\/wp-content\/uploads\/2026\/01\/meble-na-wymiar-300x200.png 300w, https:\/\/krakowremonty.pl\/wp-content\/uploads\/2026\/01\/meble-na-wymiar-1024x683.png 1024w, https:\/\/krakowremonty.pl\/wp-content\/uploads\/2026\/01\/meble-na-wymiar-768x512.png 768w, https:\/\/krakowremonty.pl\/wp-content\/uploads\/2026\/01\/meble-na-wymiar-330x220.png 330w\" sizes=\"auto, (max-width: 1536px) 100vw, 1536px\" \/><\/figure>\n\n\n\n<hr class=\"wp-block-separator has-css-opacity is-style-dots\"\/>\n\n\n\n<p>A co z meblami? Zapytasz.<\/p>\n\n\n\n<p>Wykonali\u015bmy projekt, zrealizowali\u015bmy remont i trzeba to teraz umeblowa\u0107. <br>Oczywi\u015bcie, mo\u017cesz zakupi\u0107 meble w jednej ze znanych sieci. A my pomo\u017cemy Ci je posk\u0142ada\u0107, poskr\u0119ca\u0107 i zamontowa\u0107. Ale je\u015bli od pocz\u0105tku ustalili\u015bmy, \u017ce potrzebujesz indywidualnych mebli na wymiar, to te\u017c je dla Ciebie wykonamy i zamontujemy. I z tym te\u017c, nie ma problemu.<\/p>\n\n\n\n<p>Zrealizowali\u015bmy jak do tej pory, kilkadziesi\u0105t kom\u00f3d, szaf i biurek, ale ze sto\u0142ami te\u017c sobie poradzimy. <br>Umeblujemy kuchnie, salon i pok\u00f3j dzieci\u0119cy, a do \u0142azienki wstawimy extra komod\u0119, wszystko tak, jak lubisz. <\/p>\n\n\n\n<hr class=\"wp-block-separator has-css-opacity is-style-dots\"\/>\n\n\n<style type=\"text\/css\">\n#foogallery-gallery-642 .fg-image { width: 700px; }\n#foogallery-gallery-642 { --fg-gutter: 0px; }<\/style>\n\t\t\t<div class=\"foogallery foogallery-container foogallery-default foogallery-lightbox-dfactory fg-center fg-default fg-ready fg-light fg-loading-default fg-loaded-fade-in fg-caption-hover fg-hover-fade fg-hover-zoom\" id=\"foogallery-gallery-642\" data-foogallery=\"{&quot;item&quot;:{&quot;showCaptionTitle&quot;:true,&quot;showCaptionDescription&quot;:true},&quot;lazy&quot;:true}\" style=\"--fg-title-line-clamp: 0; --fg-description-line-clamp: 0;\" >\n\t<div class=\"fg-item fg-type-image fg-idle\"><figure class=\"fg-item-inner\"><a href=\"https:\/\/krakowremonty.pl\/wp-content\/uploads\/2022\/04\/271933309_413174233930408_7569500435663009507_n.jpg\" data-attachment-id=\"643\" data-rel=\"lightbox-image-bGlnaHRib3g=\" data-rl_title=\"\" data-rl_caption=\"\" data-type=\"image\" class=\"fg-thumb\" title=\"\"><span class=\"fg-image-wrap\"><img fetchpriority=\"high\" decoding=\"async\" width=\"700\" height=\"250\" class=\"skip-lazy fg-image\" data-src-fg=\"https:\/\/krakowremonty.pl\/wp-content\/uploads\/cache\/2022\/04\/271933309_413174233930408_7569500435663009507_n\/1113305070.jpg\" src=\"data:image\/svg+xml,%3Csvg%20xmlns%3D%22http%3A%2F%2Fwww.w3.org%2F2000%2Fsvg%22%20width%3D%22700%22%20height%3D%22250%22%20viewBox%3D%220%200%20700%20250%22%3E%3C%2Fsvg%3E\" loading=\"eager\"><\/span><span class=\"fg-image-overlay\"><\/span><\/a><\/figure><div class=\"fg-loader\"><\/div><\/div><div class=\"fg-item fg-type-image fg-idle\"><figure class=\"fg-item-inner\"><a href=\"https:\/\/krakowremonty.pl\/wp-content\/uploads\/2022\/04\/271939378_413174287263736_3468156721331438548_n.jpg\" data-attachment-id=\"644\" data-rel=\"lightbox-image-bGlnaHRib3g=\" data-rl_title=\"\" data-rl_caption=\"\" data-type=\"image\" class=\"fg-thumb\" title=\"\"><span class=\"fg-image-wrap\"><img decoding=\"async\" width=\"700\" height=\"250\" class=\"skip-lazy fg-image\" data-src-fg=\"https:\/\/krakowremonty.pl\/wp-content\/uploads\/cache\/2022\/04\/271939378_413174287263736_3468156721331438548_n\/2495018748.jpg\" src=\"data:image\/svg+xml,%3Csvg%20xmlns%3D%22http%3A%2F%2Fwww.w3.org%2F2000%2Fsvg%22%20width%3D%22700%22%20height%3D%22250%22%20viewBox%3D%220%200%20700%20250%22%3E%3C%2Fsvg%3E\" loading=\"eager\"><\/span><span class=\"fg-image-overlay\"><\/span><\/a><\/figure><div class=\"fg-loader\"><\/div><\/div><div class=\"fg-item fg-type-image fg-idle\"><figure class=\"fg-item-inner\"><a href=\"https:\/\/krakowremonty.pl\/wp-content\/uploads\/2022\/04\/271949604_413174310597067_5841124359374031159_n.jpg\" data-attachment-id=\"645\" data-rel=\"lightbox-image-bGlnaHRib3g=\" data-rl_title=\"\" data-rl_caption=\"\" data-type=\"image\" class=\"fg-thumb\" title=\"\"><span class=\"fg-image-wrap\"><img decoding=\"async\" width=\"700\" height=\"250\" class=\"skip-lazy fg-image\" data-src-fg=\"https:\/\/krakowremonty.pl\/wp-content\/uploads\/cache\/2022\/04\/271949604_413174310597067_5841124359374031159_n\/3329674763.jpg\" src=\"data:image\/svg+xml,%3Csvg%20xmlns%3D%22http%3A%2F%2Fwww.w3.org%2F2000%2Fsvg%22%20width%3D%22700%22%20height%3D%22250%22%20viewBox%3D%220%200%20700%20250%22%3E%3C%2Fsvg%3E\" loading=\"eager\"><\/span><span class=\"fg-image-overlay\"><\/span><\/a><\/figure><div class=\"fg-loader\"><\/div><\/div><div class=\"fg-item fg-type-image fg-idle\"><figure class=\"fg-item-inner\"><a href=\"https:\/\/krakowremonty.pl\/wp-content\/uploads\/2022\/04\/271974276_414462153801616_8833759433595235949_n.jpg\" data-attachment-id=\"646\" data-rel=\"lightbox-image-bGlnaHRib3g=\" data-rl_title=\"\" data-rl_caption=\"\" data-type=\"image\" class=\"fg-thumb\" title=\"\"><span class=\"fg-image-wrap\"><img decoding=\"async\" width=\"700\" height=\"250\" class=\"skip-lazy fg-image\" data-src-fg=\"https:\/\/krakowremonty.pl\/wp-content\/uploads\/cache\/2022\/04\/271974276_414462153801616_8833759433595235949_n\/3508802286.jpg\" src=\"data:image\/svg+xml,%3Csvg%20xmlns%3D%22http%3A%2F%2Fwww.w3.org%2F2000%2Fsvg%22%20width%3D%22700%22%20height%3D%22250%22%20viewBox%3D%220%200%20700%20250%22%3E%3C%2Fsvg%3E\" loading=\"eager\"><\/span><span class=\"fg-image-overlay\"><\/span><\/a><\/figure><div class=\"fg-loader\"><\/div><\/div><div class=\"fg-item fg-type-image fg-idle\"><figure class=\"fg-item-inner\"><a href=\"https:\/\/krakowremonty.pl\/wp-content\/uploads\/2022\/04\/272050911_414462133801618_2332783850470798714_n.jpg\" data-attachment-id=\"647\" data-rel=\"lightbox-image-bGlnaHRib3g=\" data-rl_title=\"\" data-rl_caption=\"\" data-type=\"image\" class=\"fg-thumb\" title=\"\"><span class=\"fg-image-wrap\"><img decoding=\"async\" width=\"700\" height=\"250\" class=\"skip-lazy fg-image\" data-src-fg=\"https:\/\/krakowremonty.pl\/wp-content\/uploads\/cache\/2022\/04\/272050911_414462133801618_2332783850470798714_n\/785311660.jpg\" src=\"data:image\/svg+xml,%3Csvg%20xmlns%3D%22http%3A%2F%2Fwww.w3.org%2F2000%2Fsvg%22%20width%3D%22700%22%20height%3D%22250%22%20viewBox%3D%220%200%20700%20250%22%3E%3C%2Fsvg%3E\" loading=\"eager\"><\/span><span class=\"fg-image-overlay\"><\/span><\/a><\/figure><div class=\"fg-loader\"><\/div><\/div><div class=\"fg-item fg-type-image fg-idle\"><figure class=\"fg-item-inner\"><a href=\"https:\/\/krakowremonty.pl\/wp-content\/uploads\/2022\/04\/272103693_414462093801622_4060706930742946970_n.jpg\" data-attachment-id=\"648\" data-rel=\"lightbox-image-bGlnaHRib3g=\" data-rl_title=\"\" data-rl_caption=\"\" data-type=\"image\" class=\"fg-thumb\" title=\"\"><span class=\"fg-image-wrap\"><img decoding=\"async\" width=\"700\" height=\"250\" class=\"skip-lazy fg-image\" data-src-fg=\"https:\/\/krakowremonty.pl\/wp-content\/uploads\/cache\/2022\/04\/272103693_414462093801622_4060706930742946970_n\/96048913.jpg\" src=\"data:image\/svg+xml,%3Csvg%20xmlns%3D%22http%3A%2F%2Fwww.w3.org%2F2000%2Fsvg%22%20width%3D%22700%22%20height%3D%22250%22%20viewBox%3D%220%200%20700%20250%22%3E%3C%2Fsvg%3E\" loading=\"eager\"><\/span><span class=\"fg-image-overlay\"><\/span><\/a><\/figure><div class=\"fg-loader\"><\/div><\/div><div class=\"fg-item fg-type-image fg-idle\"><figure class=\"fg-item-inner\"><a href=\"https:\/\/krakowremonty.pl\/wp-content\/uploads\/2022\/04\/274868846_441020594479105_6285199524301550169_n.jpg\" data-attachment-id=\"649\" data-rel=\"lightbox-image-bGlnaHRib3g=\" data-rl_title=\"\" data-rl_caption=\"\" data-type=\"image\" class=\"fg-thumb\" title=\"\"><span class=\"fg-image-wrap\"><img decoding=\"async\" width=\"700\" height=\"250\" class=\"skip-lazy fg-image\" data-src-fg=\"https:\/\/krakowremonty.pl\/wp-content\/uploads\/cache\/2022\/04\/274868846_441020594479105_6285199524301550169_n\/3943433377.jpg\" src=\"data:image\/svg+xml,%3Csvg%20xmlns%3D%22http%3A%2F%2Fwww.w3.org%2F2000%2Fsvg%22%20width%3D%22700%22%20height%3D%22250%22%20viewBox%3D%220%200%20700%20250%22%3E%3C%2Fsvg%3E\" loading=\"eager\"><\/span><span class=\"fg-image-overlay\"><\/span><\/a><\/figure><div class=\"fg-loader\"><\/div><\/div><div class=\"fg-item fg-type-image fg-idle\"><figure class=\"fg-item-inner\"><a href=\"https:\/\/krakowremonty.pl\/wp-content\/uploads\/2022\/04\/274889787_441020574479107_5109656767258923630_n.jpg\" data-attachment-id=\"650\" data-rel=\"lightbox-image-bGlnaHRib3g=\" data-rl_title=\"\" data-rl_caption=\"\" data-type=\"image\" class=\"fg-thumb\" title=\"\"><span class=\"fg-image-wrap\"><img decoding=\"async\" width=\"700\" height=\"250\" class=\"skip-lazy fg-image\" data-src-fg=\"https:\/\/krakowremonty.pl\/wp-content\/uploads\/cache\/2022\/04\/274889787_441020574479107_5109656767258923630_n\/1984394904.jpg\" src=\"data:image\/svg+xml,%3Csvg%20xmlns%3D%22http%3A%2F%2Fwww.w3.org%2F2000%2Fsvg%22%20width%3D%22700%22%20height%3D%22250%22%20viewBox%3D%220%200%20700%20250%22%3E%3C%2Fsvg%3E\" loading=\"eager\"><\/span><span class=\"fg-image-overlay\"><\/span><\/a><\/figure><div class=\"fg-loader\"><\/div><\/div><div class=\"fg-item fg-type-image fg-idle\"><figure class=\"fg-item-inner\"><a href=\"https:\/\/krakowremonty.pl\/wp-content\/uploads\/2022\/04\/274924608_441020591145772_1809340576821675020_n.jpg\" data-attachment-id=\"651\" data-rel=\"lightbox-image-bGlnaHRib3g=\" data-rl_title=\"\" data-rl_caption=\"\" data-type=\"image\" class=\"fg-thumb\" title=\"\"><span class=\"fg-image-wrap\"><img decoding=\"async\" width=\"700\" height=\"250\" class=\"skip-lazy fg-image\" data-src-fg=\"https:\/\/krakowremonty.pl\/wp-content\/uploads\/cache\/2022\/04\/274924608_441020591145772_1809340576821675020_n\/812704044.jpg\" src=\"data:image\/svg+xml,%3Csvg%20xmlns%3D%22http%3A%2F%2Fwww.w3.org%2F2000%2Fsvg%22%20width%3D%22700%22%20height%3D%22250%22%20viewBox%3D%220%200%20700%20250%22%3E%3C%2Fsvg%3E\" loading=\"eager\"><\/span><span class=\"fg-image-overlay\"><\/span><\/a><\/figure><div class=\"fg-loader\"><\/div><\/div><div class=\"fg-item fg-type-image fg-idle\"><figure class=\"fg-item-inner\"><a href=\"https:\/\/krakowremonty.pl\/wp-content\/uploads\/2022\/04\/272756494_420822739832224_6000943609152789539_n.jpg\" data-attachment-id=\"652\" data-rel=\"lightbox-image-bGlnaHRib3g=\" data-rl_title=\"\" data-rl_caption=\"\" data-type=\"image\" class=\"fg-thumb\" title=\"\"><span class=\"fg-image-wrap\"><img decoding=\"async\" width=\"700\" height=\"250\" class=\"skip-lazy fg-image\" data-src-fg=\"https:\/\/krakowremonty.pl\/wp-content\/uploads\/cache\/2022\/04\/272756494_420822739832224_6000943609152789539_n\/969247893.jpg\" src=\"data:image\/svg+xml,%3Csvg%20xmlns%3D%22http%3A%2F%2Fwww.w3.org%2F2000%2Fsvg%22%20width%3D%22700%22%20height%3D%22250%22%20viewBox%3D%220%200%20700%20250%22%3E%3C%2Fsvg%3E\" loading=\"eager\"><\/span><span class=\"fg-image-overlay\"><\/span><\/a><\/figure><div class=\"fg-loader\"><\/div><\/div><div class=\"fg-item fg-type-image fg-idle\"><figure class=\"fg-item-inner\"><a href=\"https:\/\/krakowremonty.pl\/wp-content\/uploads\/2022\/04\/272835299_420822729832225_3703625405485413263_n.jpg\" data-attachment-id=\"653\" data-rel=\"lightbox-image-bGlnaHRib3g=\" data-rl_title=\"\" data-rl_caption=\"\" data-type=\"image\" class=\"fg-thumb\" title=\"\"><span class=\"fg-image-wrap\"><img decoding=\"async\" width=\"700\" height=\"250\" class=\"skip-lazy fg-image\" data-src-fg=\"https:\/\/krakowremonty.pl\/wp-content\/uploads\/cache\/2022\/04\/272835299_420822729832225_3703625405485413263_n\/1211299189.jpg\" src=\"data:image\/svg+xml,%3Csvg%20xmlns%3D%22http%3A%2F%2Fwww.w3.org%2F2000%2Fsvg%22%20width%3D%22700%22%20height%3D%22250%22%20viewBox%3D%220%200%20700%20250%22%3E%3C%2Fsvg%3E\" loading=\"eager\"><\/span><span class=\"fg-image-overlay\"><\/span><\/a><\/figure><div class=\"fg-loader\"><\/div><\/div><div class=\"fg-item fg-type-image fg-idle\"><figure class=\"fg-item-inner\"><a href=\"https:\/\/krakowremonty.pl\/wp-content\/uploads\/2022\/04\/272843828_420822769832221_5067974184405915367_n.jpg\" data-attachment-id=\"654\" data-rel=\"lightbox-image-bGlnaHRib3g=\" data-rl_title=\"\" data-rl_caption=\"\" data-type=\"image\" class=\"fg-thumb\" title=\"\"><span class=\"fg-image-wrap\"><img decoding=\"async\" width=\"700\" height=\"250\" class=\"skip-lazy fg-image\" data-src-fg=\"https:\/\/krakowremonty.pl\/wp-content\/uploads\/cache\/2022\/04\/272843828_420822769832221_5067974184405915367_n\/3117532238.jpg\" src=\"data:image\/svg+xml,%3Csvg%20xmlns%3D%22http%3A%2F%2Fwww.w3.org%2F2000%2Fsvg%22%20width%3D%22700%22%20height%3D%22250%22%20viewBox%3D%220%200%20700%20250%22%3E%3C%2Fsvg%3E\" loading=\"eager\"><\/span><span class=\"fg-image-overlay\"><\/span><\/a><\/figure><div class=\"fg-loader\"><\/div><\/div><div class=\"fg-item fg-type-image fg-idle\"><figure class=\"fg-item-inner\"><a href=\"https:\/\/krakowremonty.pl\/wp-content\/uploads\/2022\/04\/275565824_448618050386026_4918197904011621913_n.jpg\" data-attachment-id=\"655\" data-rel=\"lightbox-image-bGlnaHRib3g=\" data-rl_title=\"\" data-rl_caption=\"\" data-type=\"image\" class=\"fg-thumb\" title=\"\"><span class=\"fg-image-wrap\"><img decoding=\"async\" width=\"700\" height=\"250\" class=\"skip-lazy fg-image\" data-src-fg=\"https:\/\/krakowremonty.pl\/wp-content\/uploads\/cache\/2022\/04\/275565824_448618050386026_4918197904011621913_n\/138408036.jpg\" src=\"data:image\/svg+xml,%3Csvg%20xmlns%3D%22http%3A%2F%2Fwww.w3.org%2F2000%2Fsvg%22%20width%3D%22700%22%20height%3D%22250%22%20viewBox%3D%220%200%20700%20250%22%3E%3C%2Fsvg%3E\" loading=\"eager\"><\/span><span class=\"fg-image-overlay\"><\/span><\/a><\/figure><div class=\"fg-loader\"><\/div><\/div><div class=\"fg-item fg-type-image fg-idle\"><figure class=\"fg-item-inner\"><a href=\"https:\/\/krakowremonty.pl\/wp-content\/uploads\/2022\/04\/275578888_448617620386069_2553570806488756432_n.jpg\" data-attachment-id=\"656\" data-rel=\"lightbox-image-bGlnaHRib3g=\" data-rl_title=\"\" data-rl_caption=\"\" data-type=\"image\" class=\"fg-thumb\" title=\"\"><span class=\"fg-image-wrap\"><img decoding=\"async\" width=\"700\" height=\"250\" class=\"skip-lazy fg-image\" data-src-fg=\"https:\/\/krakowremonty.pl\/wp-content\/uploads\/cache\/2022\/04\/275578888_448617620386069_2553570806488756432_n\/4070549484.jpg\" src=\"data:image\/svg+xml,%3Csvg%20xmlns%3D%22http%3A%2F%2Fwww.w3.org%2F2000%2Fsvg%22%20width%3D%22700%22%20height%3D%22250%22%20viewBox%3D%220%200%20700%20250%22%3E%3C%2Fsvg%3E\" loading=\"eager\"><\/span><span class=\"fg-image-overlay\"><\/span><\/a><\/figure><div class=\"fg-loader\"><\/div><\/div><div class=\"fg-item fg-type-image fg-idle\"><figure class=\"fg-item-inner\"><a href=\"https:\/\/krakowremonty.pl\/wp-content\/uploads\/2022\/04\/275606154_448617580386073_8195637412947204182_n.jpg\" data-attachment-id=\"657\" data-rel=\"lightbox-image-bGlnaHRib3g=\" data-rl_title=\"\" data-rl_caption=\"\" data-type=\"image\" class=\"fg-thumb\" title=\"\"><span class=\"fg-image-wrap\"><img decoding=\"async\" width=\"700\" height=\"250\" class=\"skip-lazy fg-image\" data-src-fg=\"https:\/\/krakowremonty.pl\/wp-content\/uploads\/cache\/2022\/04\/275606154_448617580386073_8195637412947204182_n\/3610712151.jpg\" src=\"data:image\/svg+xml,%3Csvg%20xmlns%3D%22http%3A%2F%2Fwww.w3.org%2F2000%2Fsvg%22%20width%3D%22700%22%20height%3D%22250%22%20viewBox%3D%220%200%20700%20250%22%3E%3C%2Fsvg%3E\" loading=\"eager\"><\/span><span class=\"fg-image-overlay\"><\/span><\/a><\/figure><div class=\"fg-loader\"><\/div><\/div><\/div>\n","protected":false},"excerpt":{"rendered":"<p>A co z meblami? Zapytasz. Wykonali\u015bmy projekt, zrealizowali\u015bmy remont i trzeba to teraz umeblowa\u0107. Oczywi\u015bcie, mo\u017cesz zakupi\u0107 meble w jednej ze znanych sieci. A my pomo\u017cemy Ci je posk\u0142ada\u0107, poskr\u0119ca\u0107 i zamontowa\u0107. Ale je\u015bli od pocz\u0105tku ustalili\u015bmy, \u017ce potrzebujesz indywidualnych mebli na wymiar, to te\u017c je dla Ciebie wykonamy i zamontujemy. I z tym te\u017c, [&hellip;]<\/p>\n","protected":false},"author":1,"featured_media":0,"parent":0,"menu_order":0,"comment_status":"closed","ping_status":"closed","template":"","meta":{"footnotes":""},"class_list":["post-373","page","type-page","status-publish","hentry"],"_links":{"self":[{"href":"https:\/\/krakowremonty.pl\/index.php\/wp-json\/wp\/v2\/pages\/373","targetHints":{"allow":["GET"]}}],"collection":[{"href":"https:\/\/krakowremonty.pl\/index.php\/wp-json\/wp\/v2\/pages"}],"about":[{"href":"https:\/\/krakowremonty.pl\/index.php\/wp-json\/wp\/v2\/types\/page"}],"author":[{"embeddable":true,"href":"https:\/\/krakowremonty.pl\/index.php\/wp-json\/wp\/v2\/users\/1"}],"replies":[{"embeddable":true,"href":"https:\/\/krakowremonty.pl\/index.php\/wp-json\/wp\/v2\/comments?post=373"}],"version-history":[{"count":10,"href":"https:\/\/krakowremonty.pl\/index.php\/wp-json\/wp\/v2\/pages\/373\/revisions"}],"predecessor-version":[{"id":865,"href":"https:\/\/krakowremonty.pl\/index.php\/wp-json\/wp\/v2\/pages\/373\/revisions\/865"}],"wp:attachment":[{"href":"https:\/\/krakowremonty.pl\/index.php\/wp-json\/wp\/v2\/media?parent=373"}],"curies":[{"name":"wp","href":"https:\/\/api.w.org\/{rel}","templated":true}]}}