{"id":194,"date":"2021-11-05T11:03:27","date_gmt":"2021-11-05T10:03:27","guid":{"rendered":"https:\/\/krakowremonty.pl\/?page_id=194"},"modified":"2026-01-19T10:19:47","modified_gmt":"2026-01-19T09:19:47","slug":"projekty-i-aranzacje","status":"publish","type":"page","link":"https:\/\/krakowremonty.pl\/index.php\/projekty-i-aranzacje\/","title":{"rendered":"Projekty i Aran\u017cacje"},"content":{"rendered":"\n<figure class=\"wp-block-image size-full\"><img loading=\"lazy\" decoding=\"async\" width=\"1536\" height=\"1024\" src=\"https:\/\/krakowremonty.pl\/wp-content\/uploads\/2026\/01\/projekty-i-aranzacja-wnetrz.png\" alt=\"\" class=\"wp-image-862\" srcset=\"https:\/\/krakowremonty.pl\/wp-content\/uploads\/2026\/01\/projekty-i-aranzacja-wnetrz.png 1536w, https:\/\/krakowremonty.pl\/wp-content\/uploads\/2026\/01\/projekty-i-aranzacja-wnetrz-300x200.png 300w, https:\/\/krakowremonty.pl\/wp-content\/uploads\/2026\/01\/projekty-i-aranzacja-wnetrz-1024x683.png 1024w, https:\/\/krakowremonty.pl\/wp-content\/uploads\/2026\/01\/projekty-i-aranzacja-wnetrz-768x512.png 768w, https:\/\/krakowremonty.pl\/wp-content\/uploads\/2026\/01\/projekty-i-aranzacja-wnetrz-330x220.png 330w\" sizes=\"auto, (max-width: 1536px) 100vw, 1536px\" \/><\/figure>\n\n\n\n<hr class=\"wp-block-separator has-css-opacity is-style-dots\"\/>\n\n\n\n<p>Szukasz indywidualnego wn\u0119trza?<br>Wiesz, \u017ce chcesz co\u015b zmieni\u0107, ale nie wiesz jak to ma wygl\u0105da\u0107?<\/p>\n\n\n\n<p>Zajmiemy si\u0119 tym. Specjalnie dla Ciebie, wykonamy indywidualny projekt architektoniczny i wizualny wn\u0119trza.<\/p>\n\n\n\n<p>Do wyboru masz, a\u017c trzy pakiety cenowe, w zale\u017cno\u015bci od Twoich potrzeb inwestycyjnych. A w nich m.in.: <br><br>* Inwentaryzacj\u0119 projektowanej przestrzeni<br>* 2-3 r\u00f3\u017cne uk\u0142ady funkcjonalne ka\u017cdego z pomieszcze\u0144<br>* Przedstawienie aran\u017cacji ka\u017cdego z pomieszcze\u0144 w formie przestrzennej<br>* Dob\u00f3r materia\u0142\u00f3w wyko\u0144czeniowych oraz wyposa\u017cenia wn\u0119trz<br>* Wizualizacja wn\u0119trz<br>* Dokumentacja techniczna &#8211; rysunki wykonawcze projektowanej przestrzeni<br>* Kosztorys<br>* Sta\u0142y kontakt z architektem<br>* Wizyty z architektem w sklepach bran\u017cowych<br>* Sta\u0142y kontakt architekta z Wykonawcami w trakcie realizacji projektu<br>* Wizyty architekta na budowie, w celu nadzorowania prac wyko\u0144czeniowych i ich zgodno\u015bci z projektem<br>* Rozwi\u0105zywanie ewentualnych problem\u00f3w powsta\u0142ych w trakcie realizacji oraz wprowadzenie koniecznych zmian w projekcie<\/p>\n\n\n\n<hr class=\"wp-block-separator has-css-opacity is-style-dots\"\/>\n\n\n<style type=\"text\/css\">\n#foogallery-gallery-624 .fg-image { width: 700px; }\n#foogallery-gallery-624 { --fg-gutter: 0px; }<\/style>\n\t\t\t<div class=\"foogallery foogallery-container foogallery-default foogallery-lightbox-dfactory fg-center fg-default fg-ready fg-light fg-loading-default fg-loaded-fade-in fg-caption-hover fg-hover-fade fg-hover-zoom\" id=\"foogallery-gallery-624\" data-foogallery=\"{&quot;item&quot;:{&quot;showCaptionTitle&quot;:true,&quot;showCaptionDescription&quot;:true},&quot;lazy&quot;:true}\" style=\"--fg-title-line-clamp: 0; --fg-description-line-clamp: 0;\" >\n\t<div class=\"fg-item fg-type-image fg-idle\"><figure class=\"fg-item-inner\"><a href=\"https:\/\/krakowremonty.pl\/wp-content\/uploads\/2022\/04\/cdb907a8-835c-4f5f-9248-866531460245.jpg\" data-attachment-id=\"793\" data-rel=\"lightbox-image-bGlnaHRib3g=\" data-rl_title=\"\" data-rl_caption=\"\" data-type=\"image\" class=\"fg-thumb\" title=\"\"><span class=\"fg-image-wrap\"><img fetchpriority=\"high\" decoding=\"async\" width=\"700\" height=\"250\" class=\"skip-lazy fg-image\" data-src-fg=\"https:\/\/krakowremonty.pl\/wp-content\/uploads\/cache\/2022\/04\/cdb907a8-835c-4f5f-9248-866531460245\/1592866430.jpg\" src=\"data:image\/svg+xml,%3Csvg%20xmlns%3D%22http%3A%2F%2Fwww.w3.org%2F2000%2Fsvg%22%20width%3D%22700%22%20height%3D%22250%22%20viewBox%3D%220%200%20700%20250%22%3E%3C%2Fsvg%3E\" loading=\"eager\"><\/span><span class=\"fg-image-overlay\"><\/span><\/a><\/figure><div class=\"fg-loader\"><\/div><\/div><div class=\"fg-item fg-type-image fg-idle\"><figure class=\"fg-item-inner\"><a href=\"https:\/\/krakowremonty.pl\/wp-content\/uploads\/2022\/04\/f36d1497-32c0-4732-9a76-abe84ce121fd.jpg\" data-attachment-id=\"794\" data-rel=\"lightbox-image-bGlnaHRib3g=\" data-rl_title=\"\" data-rl_caption=\"\" data-type=\"image\" class=\"fg-thumb\" title=\"\"><span class=\"fg-image-wrap\"><img decoding=\"async\" width=\"700\" height=\"250\" class=\"skip-lazy fg-image\" data-src-fg=\"https:\/\/krakowremonty.pl\/wp-content\/uploads\/cache\/2022\/04\/f36d1497-32c0-4732-9a76-abe84ce121fd\/525188589.jpg\" src=\"data:image\/svg+xml,%3Csvg%20xmlns%3D%22http%3A%2F%2Fwww.w3.org%2F2000%2Fsvg%22%20width%3D%22700%22%20height%3D%22250%22%20viewBox%3D%220%200%20700%20250%22%3E%3C%2Fsvg%3E\" loading=\"eager\"><\/span><span class=\"fg-image-overlay\"><\/span><\/a><\/figure><div class=\"fg-loader\"><\/div><\/div><div class=\"fg-item fg-type-image fg-idle\"><figure class=\"fg-item-inner\"><a href=\"https:\/\/krakowremonty.pl\/wp-content\/uploads\/2022\/04\/7d54eeaa-082a-4517-a660-eee85c0b18a8.jpg\" data-attachment-id=\"788\" data-rel=\"lightbox-image-bGlnaHRib3g=\" data-rl_title=\"\" data-rl_caption=\"\" data-type=\"image\" class=\"fg-thumb\" title=\"\"><span class=\"fg-image-wrap\"><img decoding=\"async\" width=\"700\" height=\"250\" class=\"skip-lazy fg-image\" data-src-fg=\"https:\/\/krakowremonty.pl\/wp-content\/uploads\/cache\/2022\/04\/7d54eeaa-082a-4517-a660-eee85c0b18a8\/576847180.jpg\" src=\"data:image\/svg+xml,%3Csvg%20xmlns%3D%22http%3A%2F%2Fwww.w3.org%2F2000%2Fsvg%22%20width%3D%22700%22%20height%3D%22250%22%20viewBox%3D%220%200%20700%20250%22%3E%3C%2Fsvg%3E\" loading=\"eager\"><\/span><span class=\"fg-image-overlay\"><\/span><\/a><\/figure><div class=\"fg-loader\"><\/div><\/div><div class=\"fg-item fg-type-image fg-idle\"><figure class=\"fg-item-inner\"><a href=\"https:\/\/krakowremonty.pl\/wp-content\/uploads\/2022\/04\/a61150a0-4e2f-48b3-b0a3-40d0f3cd8544.jpg\" data-attachment-id=\"789\" data-rel=\"lightbox-image-bGlnaHRib3g=\" data-rl_title=\"\" data-rl_caption=\"\" data-type=\"image\" class=\"fg-thumb\" title=\"\"><span class=\"fg-image-wrap\"><img decoding=\"async\" width=\"700\" height=\"250\" class=\"skip-lazy fg-image\" data-src-fg=\"https:\/\/krakowremonty.pl\/wp-content\/uploads\/cache\/2022\/04\/a61150a0-4e2f-48b3-b0a3-40d0f3cd8544\/1380476253.jpg\" src=\"data:image\/svg+xml,%3Csvg%20xmlns%3D%22http%3A%2F%2Fwww.w3.org%2F2000%2Fsvg%22%20width%3D%22700%22%20height%3D%22250%22%20viewBox%3D%220%200%20700%20250%22%3E%3C%2Fsvg%3E\" loading=\"eager\"><\/span><span class=\"fg-image-overlay\"><\/span><\/a><\/figure><div class=\"fg-loader\"><\/div><\/div><div class=\"fg-item fg-type-image fg-idle\"><figure class=\"fg-item-inner\"><a href=\"https:\/\/krakowremonty.pl\/wp-content\/uploads\/2022\/04\/4b42b19f-d4b4-4177-94c3-942e12c8b9d4.jpg\" data-attachment-id=\"790\" data-rel=\"lightbox-image-bGlnaHRib3g=\" data-rl_title=\"\" data-rl_caption=\"\" data-type=\"image\" class=\"fg-thumb\" title=\"\"><span class=\"fg-image-wrap\"><img decoding=\"async\" width=\"700\" height=\"250\" class=\"skip-lazy fg-image\" data-src-fg=\"https:\/\/krakowremonty.pl\/wp-content\/uploads\/cache\/2022\/04\/4b42b19f-d4b4-4177-94c3-942e12c8b9d4\/119647520.jpg\" src=\"data:image\/svg+xml,%3Csvg%20xmlns%3D%22http%3A%2F%2Fwww.w3.org%2F2000%2Fsvg%22%20width%3D%22700%22%20height%3D%22250%22%20viewBox%3D%220%200%20700%20250%22%3E%3C%2Fsvg%3E\" loading=\"eager\"><\/span><span class=\"fg-image-overlay\"><\/span><\/a><\/figure><div class=\"fg-loader\"><\/div><\/div><div class=\"fg-item fg-type-image fg-idle\"><figure class=\"fg-item-inner\"><a href=\"https:\/\/krakowremonty.pl\/wp-content\/uploads\/2022\/04\/903200e6-ea4d-488f-9a49-ff9737895ec7.jpg\" data-attachment-id=\"791\" data-rel=\"lightbox-image-bGlnaHRib3g=\" data-rl_title=\"\" data-rl_caption=\"\" data-type=\"image\" class=\"fg-thumb\" title=\"\"><span class=\"fg-image-wrap\"><img decoding=\"async\" width=\"700\" height=\"250\" class=\"skip-lazy fg-image\" data-src-fg=\"https:\/\/krakowremonty.pl\/wp-content\/uploads\/cache\/2022\/04\/903200e6-ea4d-488f-9a49-ff9737895ec7\/2786688132.jpg\" src=\"data:image\/svg+xml,%3Csvg%20xmlns%3D%22http%3A%2F%2Fwww.w3.org%2F2000%2Fsvg%22%20width%3D%22700%22%20height%3D%22250%22%20viewBox%3D%220%200%20700%20250%22%3E%3C%2Fsvg%3E\" loading=\"eager\"><\/span><span class=\"fg-image-overlay\"><\/span><\/a><\/figure><div class=\"fg-loader\"><\/div><\/div><div class=\"fg-item fg-type-image fg-idle\"><figure class=\"fg-item-inner\"><a href=\"https:\/\/krakowremonty.pl\/wp-content\/uploads\/2024\/03\/732424e8-57d2-471a-aa8f-ccb33a72baec.jpg\" data-attachment-id=\"799\" data-rel=\"lightbox-image-bGlnaHRib3g=\" data-rl_title=\"\" data-rl_caption=\"\" data-type=\"image\" class=\"fg-thumb\" title=\"\"><span class=\"fg-image-wrap\"><img decoding=\"async\" width=\"700\" height=\"250\" class=\"skip-lazy fg-image\" data-src-fg=\"https:\/\/krakowremonty.pl\/wp-content\/uploads\/cache\/2024\/03\/732424e8-57d2-471a-aa8f-ccb33a72baec\/3523359470.jpg\" src=\"data:image\/svg+xml,%3Csvg%20xmlns%3D%22http%3A%2F%2Fwww.w3.org%2F2000%2Fsvg%22%20width%3D%22700%22%20height%3D%22250%22%20viewBox%3D%220%200%20700%20250%22%3E%3C%2Fsvg%3E\" loading=\"eager\"><\/span><span class=\"fg-image-overlay\"><\/span><\/a><\/figure><div class=\"fg-loader\"><\/div><\/div><div class=\"fg-item fg-type-image fg-idle\"><figure class=\"fg-item-inner\"><a href=\"https:\/\/krakowremonty.pl\/wp-content\/uploads\/2024\/03\/6c14d314-2b44-43ff-b560-c4859820a722.jpg\" data-attachment-id=\"797\" data-rel=\"lightbox-image-bGlnaHRib3g=\" data-rl_title=\"\" data-rl_caption=\"\" data-type=\"image\" class=\"fg-thumb\" title=\"\"><span class=\"fg-image-wrap\"><img decoding=\"async\" width=\"700\" height=\"250\" class=\"skip-lazy fg-image\" data-src-fg=\"https:\/\/krakowremonty.pl\/wp-content\/uploads\/cache\/2024\/03\/6c14d314-2b44-43ff-b560-c4859820a722\/844604572.jpg\" src=\"data:image\/svg+xml,%3Csvg%20xmlns%3D%22http%3A%2F%2Fwww.w3.org%2F2000%2Fsvg%22%20width%3D%22700%22%20height%3D%22250%22%20viewBox%3D%220%200%20700%20250%22%3E%3C%2Fsvg%3E\" loading=\"eager\"><\/span><span class=\"fg-image-overlay\"><\/span><\/a><\/figure><div class=\"fg-loader\"><\/div><\/div><div class=\"fg-item fg-type-image fg-idle\"><figure class=\"fg-item-inner\"><a href=\"https:\/\/krakowremonty.pl\/wp-content\/uploads\/2024\/03\/f7c34ed9-2a3a-4dec-ac25-346113d00354.jpg\" data-attachment-id=\"796\" data-rel=\"lightbox-image-bGlnaHRib3g=\" data-rl_title=\"\" data-rl_caption=\"\" data-type=\"image\" class=\"fg-thumb\" title=\"\"><span class=\"fg-image-wrap\"><img decoding=\"async\" width=\"700\" height=\"250\" class=\"skip-lazy fg-image\" data-src-fg=\"https:\/\/krakowremonty.pl\/wp-content\/uploads\/cache\/2024\/03\/f7c34ed9-2a3a-4dec-ac25-346113d00354\/833204162.jpg\" src=\"data:image\/svg+xml,%3Csvg%20xmlns%3D%22http%3A%2F%2Fwww.w3.org%2F2000%2Fsvg%22%20width%3D%22700%22%20height%3D%22250%22%20viewBox%3D%220%200%20700%20250%22%3E%3C%2Fsvg%3E\" loading=\"eager\"><\/span><span class=\"fg-image-overlay\"><\/span><\/a><\/figure><div class=\"fg-loader\"><\/div><\/div><\/div>\n","protected":false},"excerpt":{"rendered":"<p>Szukasz indywidualnego wn\u0119trza?Wiesz, \u017ce chcesz co\u015b zmieni\u0107, ale nie wiesz jak to ma wygl\u0105da\u0107? Zajmiemy si\u0119 tym. Specjalnie dla Ciebie, wykonamy indywidualny projekt architektoniczny i wizualny wn\u0119trza. Do wyboru masz, a\u017c trzy pakiety cenowe, w zale\u017cno\u015bci od Twoich potrzeb inwestycyjnych. A w nich m.in.: * Inwentaryzacj\u0119 projektowanej przestrzeni* 2-3 r\u00f3\u017cne uk\u0142ady funkcjonalne ka\u017cdego z pomieszcze\u0144* [&hellip;]<\/p>\n","protected":false},"author":1,"featured_media":0,"parent":0,"menu_order":0,"comment_status":"closed","ping_status":"closed","template":"","meta":{"footnotes":""},"class_list":["post-194","page","type-page","status-publish","hentry"],"_links":{"self":[{"href":"https:\/\/krakowremonty.pl\/index.php\/wp-json\/wp\/v2\/pages\/194","targetHints":{"allow":["GET"]}}],"collection":[{"href":"https:\/\/krakowremonty.pl\/index.php\/wp-json\/wp\/v2\/pages"}],"about":[{"href":"https:\/\/krakowremonty.pl\/index.php\/wp-json\/wp\/v2\/types\/page"}],"author":[{"embeddable":true,"href":"https:\/\/krakowremonty.pl\/index.php\/wp-json\/wp\/v2\/users\/1"}],"replies":[{"embeddable":true,"href":"https:\/\/krakowremonty.pl\/index.php\/wp-json\/wp\/v2\/comments?post=194"}],"version-history":[{"count":12,"href":"https:\/\/krakowremonty.pl\/index.php\/wp-json\/wp\/v2\/pages\/194\/revisions"}],"predecessor-version":[{"id":863,"href":"https:\/\/krakowremonty.pl\/index.php\/wp-json\/wp\/v2\/pages\/194\/revisions\/863"}],"wp:attachment":[{"href":"https:\/\/krakowremonty.pl\/index.php\/wp-json\/wp\/v2\/media?parent=194"}],"curies":[{"name":"wp","href":"https:\/\/api.w.org\/{rel}","templated":true}]}}