{"id":185,"date":"2021-11-05T10:59:53","date_gmt":"2021-11-05T09:59:53","guid":{"rendered":"https:\/\/krakowremonty.pl\/?page_id=185"},"modified":"2026-01-19T10:19:03","modified_gmt":"2026-01-19T09:19:03","slug":"remont","status":"publish","type":"page","link":"https:\/\/krakowremonty.pl\/index.php\/remont\/","title":{"rendered":"Remonty \/ Wyko\u0144czenia"},"content":{"rendered":"\n<figure class=\"wp-block-image size-full\"><img loading=\"lazy\" decoding=\"async\" width=\"1536\" height=\"1024\" src=\"https:\/\/krakowremonty.pl\/wp-content\/uploads\/2026\/01\/remonty-i-wykonczenia-wnetrz.png\" alt=\"\" class=\"wp-image-860\" srcset=\"https:\/\/krakowremonty.pl\/wp-content\/uploads\/2026\/01\/remonty-i-wykonczenia-wnetrz.png 1536w, https:\/\/krakowremonty.pl\/wp-content\/uploads\/2026\/01\/remonty-i-wykonczenia-wnetrz-300x200.png 300w, https:\/\/krakowremonty.pl\/wp-content\/uploads\/2026\/01\/remonty-i-wykonczenia-wnetrz-1024x683.png 1024w, https:\/\/krakowremonty.pl\/wp-content\/uploads\/2026\/01\/remonty-i-wykonczenia-wnetrz-768x512.png 768w, https:\/\/krakowremonty.pl\/wp-content\/uploads\/2026\/01\/remonty-i-wykonczenia-wnetrz-330x220.png 330w\" sizes=\"auto, (max-width: 1536px) 100vw, 1536px\" \/><\/figure>\n\n\n\n<hr class=\"wp-block-separator has-css-opacity is-style-dots\"\/>\n\n\n\n<p>Wykonujemy generalne remonty obiekt\u00f3w istniej\u0105cych, wyko\u0144czenia mieszka\u0144, stan deweloperski oraz adaptacj\u0119 obiekt\u00f3w pod konkretn\u0105 dzia\u0142alno\u015b\u0107.<\/p>\n\n\n\n<p>W zakresie naszych dzia\u0142a\u0144, realizujemy:<br>* Wyburzenia<br>* Instalacje<br>* Flizowanie<br>* Zabudowy GK<br>* Sufity podwieszane<br>* Docieplenia<br>* G\u0142adzie <br>* Malowanie<br>* Tapetowanie<br>* Bia\u0142y monta\u017c<br>* Uk\u0142adanie paneli<br>* Monta\u017c drzwi wewn\u0119trznych<\/p>\n\n\n\n<p>Wyceny dokonujemy indywidualnie na ka\u017cdy zakres prac, lub kompleksowo na ca\u0142o\u015b\u0107 zlecenia. Zapraszamy.<\/p>\n","protected":false},"excerpt":{"rendered":"<p>Wykonujemy generalne remonty obiekt\u00f3w istniej\u0105cych, wyko\u0144czenia mieszka\u0144, stan deweloperski oraz adaptacj\u0119 obiekt\u00f3w pod konkretn\u0105 dzia\u0142alno\u015b\u0107. W zakresie naszych dzia\u0142a\u0144, realizujemy:* Wyburzenia* Instalacje* Flizowanie* Zabudowy GK* Sufity podwieszane* Docieplenia* G\u0142adzie * Malowanie* Tapetowanie* Bia\u0142y monta\u017c* Uk\u0142adanie paneli* Monta\u017c drzwi wewn\u0119trznych Wyceny dokonujemy indywidualnie na ka\u017cdy zakres prac, lub kompleksowo na ca\u0142o\u015b\u0107 zlecenia. Zapraszamy.<\/p>\n","protected":false},"author":1,"featured_media":0,"parent":0,"menu_order":0,"comment_status":"closed","ping_status":"closed","template":"","meta":{"footnotes":""},"class_list":["post-185","page","type-page","status-publish","hentry"],"_links":{"self":[{"href":"https:\/\/krakowremonty.pl\/index.php\/wp-json\/wp\/v2\/pages\/185","targetHints":{"allow":["GET"]}}],"collection":[{"href":"https:\/\/krakowremonty.pl\/index.php\/wp-json\/wp\/v2\/pages"}],"about":[{"href":"https:\/\/krakowremonty.pl\/index.php\/wp-json\/wp\/v2\/types\/page"}],"author":[{"embeddable":true,"href":"https:\/\/krakowremonty.pl\/index.php\/wp-json\/wp\/v2\/users\/1"}],"replies":[{"embeddable":true,"href":"https:\/\/krakowremonty.pl\/index.php\/wp-json\/wp\/v2\/comments?post=185"}],"version-history":[{"count":16,"href":"https:\/\/krakowremonty.pl\/index.php\/wp-json\/wp\/v2\/pages\/185\/revisions"}],"predecessor-version":[{"id":861,"href":"https:\/\/krakowremonty.pl\/index.php\/wp-json\/wp\/v2\/pages\/185\/revisions\/861"}],"wp:attachment":[{"href":"https:\/\/krakowremonty.pl\/index.php\/wp-json\/wp\/v2\/media?parent=185"}],"curies":[{"name":"wp","href":"https:\/\/api.w.org\/{rel}","templated":true}]}}