{"id":183,"date":"2021-11-05T10:59:35","date_gmt":"2021-11-05T09:59:35","guid":{"rendered":"https:\/\/krakowremonty.pl\/?page_id=183"},"modified":"2022-04-22T12:43:39","modified_gmt":"2022-04-22T10:43:39","slug":"budowa","status":"publish","type":"page","link":"https:\/\/krakowremonty.pl\/index.php\/budowa\/","title":{"rendered":"Budowa"},"content":{"rendered":"\n<figure class=\"wp-block-image size-large\"><img loading=\"lazy\" decoding=\"async\" width=\"1024\" height=\"671\" src=\"https:\/\/krakowremonty.pl\/wp-content\/uploads\/2022\/03\/housebuilding-g12a1f2c12_1920-1024x671.jpg\" alt=\"\" class=\"wp-image-443\" srcset=\"https:\/\/krakowremonty.pl\/wp-content\/uploads\/2022\/03\/housebuilding-g12a1f2c12_1920-1024x671.jpg 1024w, https:\/\/krakowremonty.pl\/wp-content\/uploads\/2022\/03\/housebuilding-g12a1f2c12_1920-300x197.jpg 300w, https:\/\/krakowremonty.pl\/wp-content\/uploads\/2022\/03\/housebuilding-g12a1f2c12_1920-768x503.jpg 768w, https:\/\/krakowremonty.pl\/wp-content\/uploads\/2022\/03\/housebuilding-g12a1f2c12_1920-1536x1006.jpg 1536w, https:\/\/krakowremonty.pl\/wp-content\/uploads\/2022\/03\/housebuilding-g12a1f2c12_1920.jpg 1920w\" sizes=\"auto, (max-width: 1024px) 100vw, 1024px\" \/><\/figure>\n\n\n\n<hr class=\"wp-block-separator is-style-dots\"\/>\n\n\n\n<p class=\"has-text-align-left\">Realizujemy budowy obiekt\u00f3w mieszkalnych na terenie Krakowa i pobliskich okolic. Od wykopu pod tzw., klucz. Stawiamy stany surowe, realizujemy pod\u0142\u0105cza, wyka\u0144czamy. Mo\u017cemy wykona\u0107 zabudow\u0119 zar\u00f3wno pojedyncz\u0105 jak i szeregow\u0105. Wszystko wed\u0142ug planu. Budujemy z materia\u0142\u00f3w ceramicznych, ale r\u00f3wnie\u017c w systemie szkielet\u00f3w drewnianych i \u017celbetowych. <br>Ponad to, wykonujemy tarasy, wiaty i zabudowy ma\u0142ej architektury ogrodowej.<\/p>\n\n\n\n<hr class=\"wp-block-separator is-style-dots\"\/>\n","protected":false},"excerpt":{"rendered":"<p>Realizujemy budowy obiekt\u00f3w mieszkalnych na terenie Krakowa i pobliskich okolic. Od wykopu pod tzw., klucz. Stawiamy stany surowe, realizujemy pod\u0142\u0105cza, wyka\u0144czamy. Mo\u017cemy wykona\u0107 zabudow\u0119 zar\u00f3wno pojedyncz\u0105 jak i szeregow\u0105. Wszystko wed\u0142ug planu. Budujemy z materia\u0142\u00f3w ceramicznych, ale r\u00f3wnie\u017c w systemie szkielet\u00f3w drewnianych i \u017celbetowych. Ponad to, wykonujemy tarasy, wiaty i zabudowy ma\u0142ej architektury ogrodowej.<\/p>\n","protected":false},"author":1,"featured_media":0,"parent":0,"menu_order":0,"comment_status":"closed","ping_status":"closed","template":"","meta":{"footnotes":""},"class_list":["post-183","page","type-page","status-publish","hentry"],"_links":{"self":[{"href":"https:\/\/krakowremonty.pl\/index.php\/wp-json\/wp\/v2\/pages\/183","targetHints":{"allow":["GET"]}}],"collection":[{"href":"https:\/\/krakowremonty.pl\/index.php\/wp-json\/wp\/v2\/pages"}],"about":[{"href":"https:\/\/krakowremonty.pl\/index.php\/wp-json\/wp\/v2\/types\/page"}],"author":[{"embeddable":true,"href":"https:\/\/krakowremonty.pl\/index.php\/wp-json\/wp\/v2\/users\/1"}],"replies":[{"embeddable":true,"href":"https:\/\/krakowremonty.pl\/index.php\/wp-json\/wp\/v2\/comments?post=183"}],"version-history":[{"count":14,"href":"https:\/\/krakowremonty.pl\/index.php\/wp-json\/wp\/v2\/pages\/183\/revisions"}],"predecessor-version":[{"id":687,"href":"https:\/\/krakowremonty.pl\/index.php\/wp-json\/wp\/v2\/pages\/183\/revisions\/687"}],"wp:attachment":[{"href":"https:\/\/krakowremonty.pl\/index.php\/wp-json\/wp\/v2\/media?parent=183"}],"curies":[{"name":"wp","href":"https:\/\/api.w.org\/{rel}","templated":true}]}}